{"id":2148,"date":"2023-11-22T08:26:32","date_gmt":"2023-11-22T08:26:32","guid":{"rendered":"https:\/\/klaipedospadelioarena.lt\/?page_id=2148"},"modified":"2023-11-25T13:00:33","modified_gmt":"2023-11-25T13:00:33","slug":"pirkimo-pardavimo-taisykles","status":"publish","type":"page","link":"https:\/\/klaipedospadelioarena.lt\/index.php\/pirkimo-pardavimo-taisykles\/","title":{"rendered":"Pirkimo pardavimo taisykl\u0117s"},"content":{"rendered":"\t\t<div data-elementor-type=\"wp-page\" data-elementor-id=\"2148\" class=\"elementor elementor-2148\" data-elementor-post-type=\"page\">\n\t\t\t\t\t\t\t<div class=\"elementor-element elementor-element-fbe9397 e-flex e-con-boxed e-con e-parent\" data-id=\"fbe9397\" data-element_type=\"container\" data-settings=\"{&quot;content_width&quot;:&quot;boxed&quot;}\" data-core-v316-plus=\"true\">\n\t\t\t\t\t<div class=\"e-con-inner\">\n\t\t\t\t<div class=\"elementor-element elementor-element-7f2a20f elementor-button-info elementor-align-left elementor-widget elementor-widget-button\" data-id=\"7f2a20f\" data-element_type=\"widget\" data-widget_type=\"button.default\">\n\t\t\t\t<div class=\"elementor-widget-container\">\n\t\t\t\t\t<div class=\"elementor-button-wrapper\">\n\t\t\t<a class=\"elementor-button elementor-button-link elementor-size-sm\" href=\"https:\/\/klaipedospadelioarena.lt\/\">\n\t\t\t\t\t\t<span class=\"elementor-button-content-wrapper\">\n\t\t\t\t\t\t<span class=\"elementor-button-icon elementor-align-icon-left\">\n\t\t\t\t<i aria-hidden=\"true\" class=\"fas fa-sign-out-alt\"><\/i>\t\t\t<\/span>\n\t\t\t\t\t\t<span class=\"elementor-button-text\">Gr\u012f\u017eti \u012f pagrindin\u012f meniu<\/span>\n\t\t<\/span>\n\t\t\t\t\t<\/a>\n\t\t<\/div>\n\t\t\t\t<\/div>\n\t\t\t\t<\/div>\n\t\t\t\t\t<\/div>\n\t\t\t\t<\/div>\n\t\t<div class=\"elementor-element elementor-element-18ec94a5 e-con-full e-flex e-con e-parent\" data-id=\"18ec94a5\" data-element_type=\"container\" data-settings=\"{&quot;content_width&quot;:&quot;full&quot;}\" data-core-v316-plus=\"true\">\n\t\t\t\t<div class=\"elementor-element elementor-element-6c59652f elementor-widget elementor-widget-text-editor\" data-id=\"6c59652f\" data-element_type=\"widget\" data-widget_type=\"text-editor.default\">\n\t\t\t\t<div class=\"elementor-widget-container\">\n\t\t\t<style>\/*! elementor - v3.17.0 - 08-11-2023 *\/\n.elementor-widget-text-editor.elementor-drop-cap-view-stacked .elementor-drop-cap{background-color:#69727d;color:#fff}.elementor-widget-text-editor.elementor-drop-cap-view-framed .elementor-drop-cap{color:#69727d;border:3px solid;background-color:transparent}.elementor-widget-text-editor:not(.elementor-drop-cap-view-default) .elementor-drop-cap{margin-top:8px}.elementor-widget-text-editor:not(.elementor-drop-cap-view-default) .elementor-drop-cap-letter{width:1em;height:1em}.elementor-widget-text-editor .elementor-drop-cap{float:left;text-align:center;line-height:1;font-size:50px}.elementor-widget-text-editor .elementor-drop-cap-letter{display:inline-block}<\/style>\t\t\t\t<p><!-- wp:list {\"ordered\":true} --><\/p>\n<ol>\n<li style=\"list-style-type: none;\">\n<ol><!-- wp:list-item --><\/ol>\n<\/li>\n<\/ol>\n<p>\u00a0<\/p>\n<ol>\n<li style=\"list-style-type: none;\">\n<ol>\n<li>Bendrosios nuostatos<\/li>\n<\/ol>\n<\/li>\n<\/ol>\n<p><!-- \/wp:list-item --><\/p>\n<p><!-- \/wp:list --><\/p>\n<p><!-- wp:paragraph --><\/p>\n<p>\u0160ios preki\u0173 pirkimo \u2013 pardavimo taisykl\u0117s (toliau \u201eTaisykl\u0117s\u201c), jas patvirtinus Pirk\u0117jui (perkant prekes pa\u017eym\u0117jus varnele jog sutinkate su \u201ewww.klaipedospadelioarena.lt\u201c taisykl\u0117mis), yra \u0161alims privalomas teisinis dokumentas, kuriame nustatomos Pirk\u0117jo ir Pardav\u0117jo teis\u0117s bei pareigos, preki\u0173 \u012fsigijimo bei apmok\u0117jimo u\u017e jas s\u0105lygos, preki\u0173 pristatymo ir gr\u0105\u017einimo tvarka, \u0161ali\u0173 atsakomyb\u0117 bei kitos su preki\u0173 pirkimu \u2013 pardavimu \u201ewww.klaipedospadelioarena.lt elektronin\u0117je parduotuv\u0117je (toliau \u2013 Parduotuv\u0117) susijusios nuostatos.<\/p>\n<p><!-- \/wp:paragraph --><\/p>\n<p><!-- wp:paragraph --><\/p>\n<p>Pardav\u0117jas \u2013 Direktorius Osvaldas Kurauskas, V\u0161\u012f 4Sportas, \u012fm.k. &#8211; 304442645<\/p>\n<p><!-- \/wp:paragraph --><\/p>\n<p><!-- wp:paragraph --><\/p>\n<p>1.2. Pardav\u0117jas pasilieka teis\u0119 bet kuriuo metu pakeisti, taisyti ar papildyti Taisykles, atsi\u017evelgdamas \u012f teis\u0117s akt\u0173 nustatytus reikalavimus.<\/p>\n<p><!-- \/wp:paragraph --><\/p>\n<p><!-- wp:list {\"ordered\":true,\"start\":2} --><\/p>\n<ol start=\"2\">\n<li style=\"list-style-type: none;\">\n<ol start=\"2\"><!-- wp:list-item --><\/ol>\n<\/li>\n<\/ol>\n<p>\u00a0<\/p>\n<ol start=\"2\">\n<li style=\"list-style-type: none;\">\n<ol start=\"2\">\n<li>Asmens duomen\u0173 apsauga<\/li>\n<\/ol>\n<\/li>\n<\/ol>\n<p><!-- \/wp:list-item --><\/p>\n<p><!-- \/wp:list --><\/p>\n<p><!-- wp:paragraph --><\/p>\n<p>2.1. Bet kokia informacija, kuri yra susijusi su asmens duomenimis ir kuri yra u\u017eregistruojama Parduotuv\u0117je, laikoma slapta ir nevie\u0161inama.<\/p>\n<p><!-- \/wp:paragraph --><\/p>\n<p><!-- wp:paragraph --><\/p>\n<p>3. PINIG\u0172 GR\u0104\u017dINIMAS<\/p>\n<p><!-- \/wp:paragraph --><\/p>\n<p><!-- wp:paragraph --><\/p>\n<p><strong>Pinigai u\u017e padelio \u017eaidim\u0105 kortuose yra gr\u0105\u017einami jeigu :<\/strong><\/p>\n<p><!-- \/wp:paragraph --><\/p>\n<p><!-- wp:paragraph --><\/p>\n<p><strong>\u2013 <\/strong>klientas \u012fsigijo rezervacij\u0105 \u017eaisti padelio kortuose, bet d\u0117l technini\u0173 kli\u016b\u010di\u0173, kurios atsirado d\u0117l V\u0161\u012f 4Sportas kalt\u0117s, to padaryti negali, jam gra\u017einama visa sumok\u0117ta suma u\u017e rezervacij\u0105, visais kitais atvejais pinigai n\u0117ra gra\u017einami.<\/p>\n<p><!-- \/wp:paragraph --><\/p>\n<p><!-- wp:paragraph --><\/p>\n<p>NAUDOJIMASIS INTERNETO SVETAINE<\/p>\n<p><!-- \/wp:paragraph --><\/p>\n<p><!-- wp:paragraph --><\/p>\n<p>Atvykdamas \u012f \u0161i\u0105 Interneto svetain\u0119 ar ja naudodamasis bet kuris naudotojas (toliau \u2013 J\u016bs) sutinka su \u0161iomis Taisykl\u0117mis ir visomis kitomis www.klaipedospadelioarena.lt taisykl\u0117mis, s\u0105lygomis bei politikomis. \u0160ios Taisykl\u0117s taip pat nustato pirkimo bei su tuo susijusias s\u0105lygas, tod\u0117l J\u016bs visada turite b\u016bti su jomis susipa\u017ein\u0119 ir elgtis taip, kaip nustatyta.<\/p>\n<p><!-- \/wp:paragraph --><\/p>\n<p><!-- wp:paragraph --><\/p>\n<p>Tuo atveju, jeigu J\u016bs nesutinkate su visomis s\u0105lygomis, J\u016bs negalite naudotis \u0161ia Interneto svetaine ar www.klaipedospadelioarena.lt teikiamomis paslaugomis. Be to, jeigu J\u016bs neturite teis\u0117s sudaryti sutar\u010di\u0173 su www.klaipedospadelioarena.lt J\u016bs taip pat negalite pirkti, naudodamasis Interneto svetaine, ar kitaip ja naudotis.<\/p>\n<p><!-- \/wp:paragraph --><\/p>\n<p><!-- wp:paragraph --><\/p>\n<p>www.klaipedospadelioarena.lt\u00a0gali bet kuriuo metu pakeisti \u0161ias Taisykles, o kiekvienas pakeitimas \u012fgauna gali\u0105 nuo jo paskelbimo Interneto svetain\u0117je momento. J\u016bs prisiimate vis\u0105 atsakomyb\u0119 d\u0117l susipa\u017einimo su \u0161iomis Taisykl\u0117mis kiekvien\u0105 kart\u0105, kai naudojat\u0117s Interneto svetaine ar perkate joje si\u016blomas prekes. Prek\u0117s \u0161iose Taisykl\u0117se rei\u0161kia bet kokias prekes, kurias \u012fmanoma nusipirkti naudojantis Interneto svetaine.<\/p>\n<p><!-- \/wp:paragraph --><\/p>\n<p><!-- wp:paragraph --><\/p>\n<p>NUORODOS \u012e KITAS SVETAINES IR TRE\u010cI\u0172J\u0172 \u0160ALI\u0172 PASLAUGOS<\/p>\n<p><!-- \/wp:paragraph --><\/p>\n<p><!-- wp:paragraph --><\/p>\n<p>\u0160ioje Interneto svetain\u0117je yra nuorodos \u012f kitas svetaines, kurios n\u0117ra valdomos www.klaipedospadelioarena.lt. Tod\u0117l mes nesame atsakingi u\u017e toki\u0173 svetaini\u0173 turin\u012f.<\/p>\n<p><!-- \/wp:paragraph --><\/p>\n<p><!-- wp:paragraph --><\/p>\n<p>Tam, kad gaut\u0173 J\u016bs\u0173 mok\u0117jimus bei Jums pristatyt\u0173 nusipirktas prekes, www.klaipedospadelioarena.lt\u00a0naudojasi tre\u010di\u0173 \u0161ali\u0173 paslaugomis. \u0160ios \u0161alys, kurios n\u0117ra susijusios su www.klaipedospadelioarena.lt, vadovaujasi savo pa\u010di\u0173 taisykl\u0117mis bei s\u0105lygomis. Mes jokiais atvejais nesame atsakingi u\u017e \u0161i\u0173 tre\u010di\u0173j\u0173 \u0161ali\u0173 rodom\u0105 turin\u012f ar teikiamas paslaugas.<\/p>\n<p><!-- \/wp:paragraph --><\/p>\n<p><!-- wp:paragraph --><\/p>\n<p>Tuo atveju jeigu J\u016bs lankot\u0117s kitoje internetinio apsipirkimo svetain\u0117je, kurioje mes esame nurodyti kaip pardav\u0117jas ir, galiausiai, J\u016bs naudojat\u0117s m\u016bs\u0173 teikiamomis paslaugomis, J\u016bs turite vadovautis \u0161iomis Taisykl\u0117mis, nebent kitaip yra nustatyta naudojamos internetinio apsipirkimo svetain\u0117s s\u0105lygose.<\/p>\n<p><!-- \/wp:paragraph --><\/p>\n<p><!-- wp:paragraph --><\/p>\n<p>www.klaipedospadelioarena.lt jokiais atvejais n\u0117ra atsakinga u\u017e bet koki\u0105 \u017eal\u0105 ar nuostolius, susijusius su tre\u010di\u0173j\u0173 \u0161ali\u0173 teikiamomis paslaugomis, nesvarbu, ar tai mok\u0117jimo, pristatymo, platinimo ar bet kokios kitos paslaugos atliekamos tre\u010di\u0173j\u0173 asmen\u0173. Tod\u0117l mes labai rekomenduojame ir reikalaujame, kad J\u016bs atid\u017eiai perskaitytum\u0117te visas taisykles bei s\u0105lygas, kurias nustato tre\u010diosios \u0161alys, ir jomis vadovautis.<\/p>\n<p><!-- \/wp:paragraph --><\/p>\n<p><!-- wp:paragraph --><\/p>\n<p>Bet kokios pretenzijos, skundai, klausimai, pasteb\u0117jimai ar kaltinimai, susij\u0119 su tre\u010di\u0173j\u0173 \u0161ali\u0173 paslaugomis, veikimu ar neveikimu, turi b\u016bti adresuojami tiesiogiai tik \u0161ioms tre\u010diosioms \u0161alims ir jokiais atvejais ne mums.<\/p>\n<p><!-- \/wp:paragraph --><\/p>\n<p><!-- wp:paragraph --><\/p>\n<p>PASLAUG\u0172 PRIEINAMUMAS<\/p>\n<p><!-- \/wp:paragraph --><\/p>\n<p><!-- wp:paragraph --><\/p>\n<p>www.klaipedospadelioarena.lt siekia, kad Interneto svetain\u0117 b\u016bt\u0173 prieinama 24 valandas per par\u0105. Ta\u010diau mes negalime b\u016bti atsakingais, jeigu Interneto svetain\u0117 yra neprieinama kuriuo nors metu ir d\u0117l bet kokios prie\u017easties, laiko tarpu ar i\u0161 kurios nors jurisdikcijos.<\/p>\n<p><!-- \/wp:paragraph --><\/p>\n<p><!-- wp:paragraph --><\/p>\n<p>INFORMACIJA APIE VARTOTOJ\u0104<\/p>\n<p><!-- \/wp:paragraph --><\/p>\n<p><!-- wp:paragraph --><\/p>\n<p>Asmens duomen\u0173 tvarkymas bei slapuk\u0173 patalpinimas yra reguliuojamas www.klaipedospadelioarena.lt privatumo politikos nuostatomis.<\/p>\n<p><!-- \/wp:paragraph --><\/p>\n<p><!-- wp:paragraph --><\/p>\n<p>Vykdydami apsipirkimo proces\u0105 Interneto svetain\u0117je, J\u016bs privalote\u00a0pateikti b\u016btin\u0105 atsiskaitymo ir preki\u0173 pristatymo informacij\u0105. U\u017e \u0161ios informacijos teisingum\u0105 ir tikslum\u0105 esate atsakingi tik J\u016bs.<\/p>\n<p><!-- \/wp:paragraph --><\/p>\n<p><!-- wp:paragraph --><\/p>\n<p>ATSAKOMYB\u0116<\/p>\n<p><!-- \/wp:paragraph --><\/p>\n<p><!-- wp:paragraph --><\/p>\n<p>www.klaipedospadelioarena.lt d\u0117s pagr\u012fstas pastangas tam, kad Interneto svetain\u0117je pateiktas turinys b\u016bt\u0173 tikslus bei aktualus. Ta\u010diau mes negalime b\u016bti atsakingi prie\u0161 Jus ar bet kok\u012f tre\u010di\u0105j\u012f asmen\u012f u\u017e bet kokio dyd\u017eio ar pob\u016bd\u017eio J\u016bs\u0173 arba tre\u010di\u0173j\u0173 \u0161ali\u0173 \u017eal\u0105 ar nuostolius, \u012fskaitant, bet neapsiribojant, tiesiogin\u0119 ar netiesiogin\u0119 bei turtin\u0119 ar neturtin\u0119 \u017eal\u0105 arba nuostolius, susijusi\u0105 sutartin\u0119 atsakomyb\u0119, negautas pajamas ar peln\u0105, netesybas (baud\u0105, delspinigius), taip pat nuostolius bet kokiu b\u016bdu susijusius su normalios verslo veiklos sutrikdymu.<\/p>\n<p><!-- \/wp:paragraph --><\/p>\n<p><!-- wp:paragraph --><\/p>\n<p>www.klaipedospadelioarena.lt negali b\u016bti laikoma atsakinga u\u017e kit\u0173 svetaini\u0173 nuorod\u0173 ar turinio, nukreipto \u012f Interneto svetain\u0119, padaryt\u0105 \u017eal\u0105 ar nuostolius, \u012fskaitant, bet neapsiribojant, susijusius su kompiuteriniais virusais, kurie gali u\u017ekr\u0117sti \u012frengin\u012f, programin\u0119 \u012frang\u0105, duomenis ar kit\u0105 nuosavyb\u0119. www.klaipedospadelioarena.lt taip pat n\u0117ra atsakinga u\u017e J\u016bs\u0173 naudojim\u0105si Interneto svetaine, nar\u0161ym\u0105 joje ar bet kokios informacijos ar duomen\u0173 atsisiuntim\u0105 i\u0161 Interneto svetain\u0117s.<\/p>\n<p><!-- \/wp:paragraph --><\/p>\n<p><!-- wp:paragraph --><\/p>\n<p>Interneto svetain\u0117je priimtos informacijos J\u016bs netur\u0117tum\u0117te priimti tiesiogiai ar pa\u017eod\u017eiui, neatsi\u017evelgiant \u012f kontekst\u0105, pateikiamas s\u0105lygas bei apra\u0161ymus. Did\u017eiausia teis\u0117s akt\u0173 leid\u017eiama apimtimi www.klaipedospadelioarena.lt apsiriboja vis\u0105 atsakomyb\u0119 d\u0117l suteikiam\u0173 garantij\u0173 ar s\u0105lyg\u0173, susijusi\u0173 su \u0161ios Interneto svetain\u0117s veikla.<\/p>\n<p><!-- \/wp:paragraph --><\/p>\n<p><!-- wp:paragraph --><\/p>\n<p>Tuo atveju, jeigu www.klaipedospadelioarena.lt atsakomyb\u0117 yra nustatyta \u012fstatym\u0173 ir neapribota \u0161iose Taisykl\u0117se, mes galime b\u016bti laikomais atsakingais tik tuo atveju, jeigu J\u016bs pirkote prekes i\u0161 m\u016bs\u0173. \u0160ios Taisykl\u0117s ar bet kokios m\u016bs\u0173 suteikiamos garantijos negalioja, jeigu prek\u0117s buvo pirktos per distributori\u0173 ar bet kok\u012f kit\u0105 asmen\u012f.<\/p>\n<p><!-- \/wp:paragraph --><\/p>\n<p><!-- wp:paragraph --><\/p>\n<p>PIRKIMAS<\/p>\n<p><!-- \/wp:paragraph --><\/p>\n<p><!-- wp:paragraph --><\/p>\n<p>\u00a0Si\u016blomas paslaugas J\u016bs galite pirkti tik savo vardu ir prisiimant u\u017e tai atsakomyb\u0119. J\u016bs\u0173 pateiktas u\u017esakymas turi b\u016bti www.klaipedospadelioarena.lt. Nuo to momento, kai gaunate u\u017esakymo patvirtinim\u0105 el. pa\u0161tu, J\u016bs\u0173 u\u017esakymas negali b\u016bti at\u0161auktas, i\u0161skyrus atvejus, kai prie\u0161ingai yra ai\u0161kiai susitarta tarp J\u016bs\u0173 ir www.klaipedospadelioarena.lt.<\/p>\n<p><!-- \/wp:paragraph --><\/p>\n<p><!-- wp:paragraph --><\/p>\n<p>MOK\u0116JIMAI<\/p>\n<p><!-- \/wp:paragraph --><\/p>\n<p><!-- wp:paragraph --><\/p>\n<p>www.klaipedospadelioarena.lt neteikia finansini\u0173, mok\u0117jimo, pinig\u0173 pervedimo ir \/ ar su tuo susijusi\u0173 paslaug\u0173, tod\u0117l kiekvien\u0105 kart\u0105, kai J\u016bs atliekate mok\u0117jim\u0105 www.klaipedospadelioarena.lt, J\u016bs naudojat\u0117s tre\u010di\u0173j\u0173 \u0161ali\u0173 paslaugomis. Mes negalime b\u016bti laikomi atsakingais d\u0117l bet koki\u0173 tre\u010di\u0173j\u0173 asmen\u0173 paslaug\u0173, \u012fskaitant, bet neapsiribojant, \u0161iose Taisykl\u0117se nurodytas paslaugas.<\/p>\n<p><!-- \/wp:paragraph --><\/p>\n<p><!-- wp:paragraph --><\/p>\n<p>INTELEKTIN\u0116 NUOSAVYB\u0116<\/p>\n<p><!-- \/wp:paragraph --><\/p>\n<p><!-- wp:paragraph --><\/p>\n<p>Bet koks turinys paskelbtas Interneto svetain\u0117je www.klaipedospadelioarena.lt ir rezervacij\u0173 sistemoje paslaugos yra ginamos autori\u0173 ar kitomis intelektin\u0117s nuosavyb\u0117s teis\u0117mis. J\u016bs negalite \u0161io turinio naudoti komerciniais tikslais ar bet kokiais kitais tikslais.<\/p>\n<p><!-- \/wp:paragraph --><\/p>\n<p><!-- wp:paragraph --><\/p>\n<p>TAIKOMA TEIS\u0116 IR JURISDIKCIJA<\/p>\n<p><!-- \/wp:paragraph --><\/p>\n<p><!-- wp:paragraph --><\/p>\n<p>Bet koks gin\u010das kil\u0119s ir susij\u0119s su www.klaipedospadelioarena.lt\u00a0ar Interneto svetaine yra sprend\u017eiamas deryb\u0173 b\u016bdu.<\/p>\n<p><!-- \/wp:paragraph --><\/p>\n<p><!-- wp:paragraph --><\/p>\n<p>Nepavykus i\u0161spr\u0119sti gin\u010do auk\u0161\u010diau nurodytu b\u016bdu, jis turi b\u016bti sprend\u017eiamas naudojantis Europos Komisijos pri\u017ei\u016brima Elektronine gin\u010d\u0173 sprendimo sistema.<\/p>\n<p><!-- \/wp:paragraph --><\/p>\t\t\t\t\t\t<\/div>\n\t\t\t\t<\/div>\n\t\t\t\t<\/div>\n\t\t<div class=\"elementor-element elementor-element-dced59d e-flex e-con-boxed e-con e-parent\" data-id=\"dced59d\" data-element_type=\"container\" data-settings=\"{&quot;content_width&quot;:&quot;boxed&quot;}\" data-core-v316-plus=\"true\">\n\t\t\t\t\t<div class=\"e-con-inner\">\n\t\t\t\t<div class=\"elementor-element elementor-element-6b72744 elementor-button-info elementor-align-center elementor-widget elementor-widget-button\" data-id=\"6b72744\" data-element_type=\"widget\" data-widget_type=\"button.default\">\n\t\t\t\t<div class=\"elementor-widget-container\">\n\t\t\t\t\t<div class=\"elementor-button-wrapper\">\n\t\t\t<a class=\"elementor-button elementor-button-link elementor-size-sm\" href=\"https:\/\/klaipedospadelioarena.lt\/\">\n\t\t\t\t\t\t<span class=\"elementor-button-content-wrapper\">\n\t\t\t\t\t\t<span class=\"elementor-button-icon elementor-align-icon-left\">\n\t\t\t\t<i aria-hidden=\"true\" class=\"fas fa-sign-out-alt\"><\/i>\t\t\t<\/span>\n\t\t\t\t\t\t<span class=\"elementor-button-text\">Gr\u012f\u017eti \u012f pagrindin\u012f meniu<\/span>\n\t\t<\/span>\n\t\t\t\t\t<\/a>\n\t\t<\/div>\n\t\t\t\t<\/div>\n\t\t\t\t<\/div>\n\t\t\t\t\t<\/div>\n\t\t\t\t<\/div>\n\t\t\t\t\t\t\t<\/div>\n\t\t","protected":false},"excerpt":{"rendered":"<p>Gr\u012f\u017eti \u012f pagrindin\u012f meniu \u0160ios preki\u0173 pirkimo \u2013 pardavimo taisykl\u0117s (toliau \u201eTaisykl\u0117s\u201c), jas patvirtinus Pirk\u0117jui (perkant prekes pa\u017eym\u0117jus varnele jog sutinkate su \u201ewww.klaipedospadelioarena.lt\u201c taisykl\u0117mis), yra \u0161alims privalomas teisinis dokumentas, kuriame nustatomos Pirk\u0117jo ir Pardav\u0117jo teis\u0117s bei pareigos, preki\u0173 \u012fsigijimo bei apmok\u0117jimo u\u017e jas s\u0105lygos, preki\u0173 pristatymo ir gr\u0105\u017einimo tvarka, \u0161ali\u0173 atsakomyb\u0117 bei kitos su preki\u0173 &hellip;<\/p>\n<p class=\"read-more\"> <a class=\"\" href=\"https:\/\/klaipedospadelioarena.lt\/index.php\/pirkimo-pardavimo-taisykles\/\"> <span class=\"screen-reader-text\">Pirkimo pardavimo taisykl\u0117s<\/span> Skaityti daugiau &raquo;<\/a><\/p>\n","protected":false},"author":1,"featured_media":0,"parent":0,"menu_order":0,"comment_status":"closed","ping_status":"closed","template":"","meta":{"site-sidebar-layout":"default","site-content-layout":"","ast-site-content-layout":"default","site-content-style":"default","site-sidebar-style":"default","ast-global-header-display":"","ast-banner-title-visibility":"","ast-main-header-display":"","ast-hfb-above-header-display":"","ast-hfb-below-header-display":"","ast-hfb-mobile-header-display":"","site-post-title":"","ast-breadcrumbs-content":"","ast-featured-img":"","footer-sml-layout":"","theme-transparent-header-meta":"","adv-header-id-meta":"","stick-header-meta":"","header-above-stick-meta":"","header-main-stick-meta":"","header-below-stick-meta":"","astra-migrate-meta-layouts":"set","ast-page-background-enabled":"default","ast-page-background-meta":{"desktop":{"background-color":"var(--ast-global-color-4)","background-image":"","background-repeat":"repeat","background-position":"center center","background-size":"auto","background-attachment":"scroll","background-type":"","background-media":"","overlay-type":"","overlay-color":"","overlay-gradient":""},"tablet":{"background-color":"","background-image":"","background-repeat":"repeat","background-position":"center center","background-size":"auto","background-attachment":"scroll","background-type":"","background-media":"","overlay-type":"","overlay-color":"","overlay-gradient":""},"mobile":{"background-color":"","background-image":"","background-repeat":"repeat","background-position":"center center","background-size":"auto","background-attachment":"scroll","background-type":"","background-media":"","overlay-type":"","overlay-color":"","overlay-gradient":""}},"ast-content-background-meta":{"desktop":{"background-color":"var(--ast-global-color-5)","background-image":"","background-repeat":"repeat","background-position":"center center","background-size":"auto","background-attachment":"scroll","background-type":"","background-media":"","overlay-type":"","overlay-color":"","overlay-gradient":""},"tablet":{"background-color":"var(--ast-global-color-5)","background-image":"","background-repeat":"repeat","background-position":"center center","background-size":"auto","background-attachment":"scroll","background-type":"","background-media":"","overlay-type":"","overlay-color":"","overlay-gradient":""},"mobile":{"background-color":"var(--ast-global-color-5)","background-image":"","background-repeat":"repeat","background-position":"center center","background-size":"auto","background-attachment":"scroll","background-type":"","background-media":"","overlay-type":"","overlay-color":"","overlay-gradient":""}},"footnotes":""},"jetpack_sharing_enabled":true,"_links":{"self":[{"href":"https:\/\/klaipedospadelioarena.lt\/index.php\/wp-json\/wp\/v2\/pages\/2148"}],"collection":[{"href":"https:\/\/klaipedospadelioarena.lt\/index.php\/wp-json\/wp\/v2\/pages"}],"about":[{"href":"https:\/\/klaipedospadelioarena.lt\/index.php\/wp-json\/wp\/v2\/types\/page"}],"author":[{"embeddable":true,"href":"https:\/\/klaipedospadelioarena.lt\/index.php\/wp-json\/wp\/v2\/users\/1"}],"replies":[{"embeddable":true,"href":"https:\/\/klaipedospadelioarena.lt\/index.php\/wp-json\/wp\/v2\/comments?post=2148"}],"version-history":[{"count":10,"href":"https:\/\/klaipedospadelioarena.lt\/index.php\/wp-json\/wp\/v2\/pages\/2148\/revisions"}],"predecessor-version":[{"id":2362,"href":"https:\/\/klaipedospadelioarena.lt\/index.php\/wp-json\/wp\/v2\/pages\/2148\/revisions\/2362"}],"wp:attachment":[{"href":"https:\/\/klaipedospadelioarena.lt\/index.php\/wp-json\/wp\/v2\/media?parent=2148"}],"curies":[{"name":"wp","href":"https:\/\/api.w.org\/{rel}","templated":true}]}}